{"id":23,"date":"2025-06-23T07:20:33","date_gmt":"2025-06-23T07:20:33","guid":{"rendered":"https:\/\/cashnest-365.pro\/?page_id=23"},"modified":"2025-07-04T05:59:51","modified_gmt":"2025-07-04T05:59:51","slug":"uber-uns","status":"publish","type":"page","link":"https:\/\/cashnest-365.pro\/de\/about-us\/","title":{"rendered":"\u00dcber uns"},"content":{"rendered":"<div data-elementor-type=\"wp-page\" data-elementor-id=\"23\" class=\"elementor elementor-23\" data-elementor-post-type=\"page\">\n\t\t\t\t<div class=\"elementor-element elementor-element-f6c2d8f e-flex e-con-boxed e-con e-parent\" data-id=\"f6c2d8f\" data-element_type=\"container\" data-e-type=\"container\" data-settings=\"{&quot;background_background&quot;:&quot;gradient&quot;}\">\n\t\t\t\t\t<div class=\"e-con-inner\">\n\t\t\t\t<div class=\"elementor-element elementor-element-6ce7553 elementor-widget elementor-widget-text-editor\" data-id=\"6ce7553\" data-element_type=\"widget\" data-e-type=\"widget\" data-widget_type=\"text-editor.default\">\n\t\t\t\t<div class=\"elementor-widget-container\">\n\t\t\t\t\t\t\t\t\tWillkommen bei Cash Nest 365 \u2013 Ihrem zuverl\u00e4ssigen Partner f\u00fcr intelligenteres Trading.\t\t\t\t\t\t\t\t<\/div>\n\t\t\t\t<\/div>\n\t\t\t\t<div class=\"elementor-element elementor-element-a27f159 elementor-widget elementor-widget-text-editor\" data-id=\"a27f159\" data-element_type=\"widget\" data-e-type=\"widget\" data-widget_type=\"text-editor.default\">\n\t\t\t\t<div class=\"elementor-widget-container\">\n\t\t\t\t\t\t\t\t\tWir bei Cash Nest 365 sind \u00fcberzeugt, dass Finanzm\u00f6glichkeiten f\u00fcr jeden zug\u00e4nglich, transparent und realisierbar sein sollten \u2013 egal, ob Sie neu am Markt sind oder bereits ein erfahrener Trader. Unsere Plattform unterst\u00fctzt Sie dabei, fundierte Entscheidungen mithilfe modernster Tools, pr\u00e4ziser Handelssignale und einer nahtlosen Benutzererfahrung zu treffen.\t\t\t\t\t\t\t\t<\/div>\n\t\t\t\t<\/div>\n\t\t\t\t\t<\/div>\n\t\t\t\t<\/div>\n\t\t<div class=\"elementor-element elementor-element-9b5fff1 e-flex e-con-boxed e-con e-parent\" data-id=\"9b5fff1\" data-element_type=\"container\" data-e-type=\"container\">\n\t\t\t\t\t<div class=\"e-con-inner\">\n\t\t\t\t<div class=\"elementor-element elementor-element-f443441 elementor-widget elementor-widget-text-editor\" data-id=\"f443441\" data-element_type=\"widget\" data-e-type=\"widget\" data-widget_type=\"text-editor.default\">\n\t\t\t\t<div class=\"elementor-widget-container\">\n\t\t\t\t\t\t\t\t\t<p>Wir sind mehr als nur eine Plattform \u2013 wir sind ein Team aus Finanztechnologie-Experten, Analysten und Entwicklern, die sich daf\u00fcr einsetzen, die Welt des Online-Handels zu vereinfachen. Wir liefern Ihnen das Wissen, die Signale und die Systeme, die Sie ben\u00f6tigen, um sich sicher auf den schnelllebigen M\u00e4rkten von heute zu bewegen.<\/p><p><strong>Warum Cash Nest 365 w\u00e4hlen?<\/strong><\/p><p>\u2714\ufe0f Handelssignale und Einblicke in Echtzeit<\/p><p>\u2714\ufe0f Sichere, benutzerfreundliche Plattform<\/p><p>\u2714\ufe0f Engagierter Kundensupport<\/p><p>\u2714\ufe0f Einhaltung globaler Datenschutzgesetze<\/p><p>\u2714\ufe0f Transparenz, Zuverl\u00e4ssigkeit und leistungsorientierte Tools<\/p><p>Wir sind hier, um Sie zu unterst\u00fctzen \u2013 365 Tage im Jahr.<\/p><h3><strong>\ud83c\udf1f Unsere Vision<\/strong><\/h3><p>Wir m\u00f6chten eine f\u00fchrende globale Plattform werden, die Einzelpersonen intelligente, sichere und zug\u00e4ngliche Handelstools zur Verf\u00fcgung stellt und ihnen hilft, mit jeder Entscheidung finanzielle Freiheit aufzubauen.<\/p><p>Wir stellen uns eine Zukunft vor, in der jeder, unabh\u00e4ngig von seiner Erfahrung, durch Automatisierung, Innovation und Transparenz sicher an den Finanzm\u00e4rkten teilnehmen kann.<\/p><h3><strong>\ud83c\udfaf Unsere Mission<\/strong><\/h3><p>Bei <strong>Cash Nest 365<\/strong>Unsere Mission ist es, den Online-Handel zu vereinfachen, indem wir Folgendes bereitstellen:<\/p><p>\u2705 Pr\u00e4zise Handelssignale in Echtzeit<\/p><p>\u2705 Einfach zu bedienende Technologie f\u00fcr alle Erfahrungsstufen<\/p><p>\u2705 Volle Transparenz und Datensicherheit<\/p><p>\u2705 Au\u00dfergew\u00f6hnlicher Kundensupport<\/p><p>\u2705 Kontinuierliche Weiterbildung und Tools f\u00fcr intelligentere Entscheidungen<\/p><p>Wir sind bestrebt, Vertrauen aufzubauen, Mehrwert zu schaffen und unsere Benutzer 365 Tage im Jahr zu unterst\u00fctzen \u2013 denn Ihr finanzieller Erfolg ist unsere Priorit\u00e4t.<\/p>\t\t\t\t\t\t\t\t<\/div>\n\t\t\t\t<\/div>\n\t\t\t\t\t<\/div>\n\t\t\t\t<\/div>\n\t\t\t\t<\/div>","protected":false},"excerpt":{"rendered":"<p>Welcome to Cash Nest 365 \u2014 Your Reliable Partner in Smarter Trading.At Cash Nest 365, we believe that financial opportunities should be accessible, transparent, and achievable for everyone \u2014 whether you&#8217;re new to the market or an experienced trader. Our platform is designed to help users make informed decisions through cutting-edge tools, accurate trading signals, [&hellip;]<\/p>\n","protected":false},"author":1,"featured_media":0,"parent":0,"menu_order":0,"comment_status":"closed","ping_status":"closed","template":"elementor_header_footer","meta":{"footnotes":""},"class_list":["post-23","page","type-page","status-publish","hentry"],"_links":{"self":[{"href":"https:\/\/cashnest-365.pro\/de\/wp-json\/wp\/v2\/pages\/23","targetHints":{"allow":["GET"]}}],"collection":[{"href":"https:\/\/cashnest-365.pro\/de\/wp-json\/wp\/v2\/pages"}],"about":[{"href":"https:\/\/cashnest-365.pro\/de\/wp-json\/wp\/v2\/types\/page"}],"author":[{"embeddable":true,"href":"https:\/\/cashnest-365.pro\/de\/wp-json\/wp\/v2\/users\/1"}],"replies":[{"embeddable":true,"href":"https:\/\/cashnest-365.pro\/de\/wp-json\/wp\/v2\/comments?post=23"}],"version-history":[{"count":12,"href":"https:\/\/cashnest-365.pro\/de\/wp-json\/wp\/v2\/pages\/23\/revisions"}],"predecessor-version":[{"id":293,"href":"https:\/\/cashnest-365.pro\/de\/wp-json\/wp\/v2\/pages\/23\/revisions\/293"}],"wp:attachment":[{"href":"https:\/\/cashnest-365.pro\/de\/wp-json\/wp\/v2\/media?parent=23"}],"curies":[{"name":"wp","href":"https:\/\/api.w.org\/{rel}","templated":true}]}}