{"id":23,"date":"2025-06-23T07:20:33","date_gmt":"2025-06-23T07:20:33","guid":{"rendered":"https:\/\/cashnest-365.pro\/?page_id=23"},"modified":"2025-07-04T05:59:51","modified_gmt":"2025-07-04T05:59:51","slug":"sobre-nos","status":"publish","type":"page","link":"https:\/\/cashnest-365.pro\/pt\/about-us\/","title":{"rendered":"Sobre n\u00f3s"},"content":{"rendered":"<div data-elementor-type=\"wp-page\" data-elementor-id=\"23\" class=\"elementor elementor-23\" data-elementor-post-type=\"page\">\n\t\t\t\t<div class=\"elementor-element elementor-element-f6c2d8f e-flex e-con-boxed e-con e-parent\" data-id=\"f6c2d8f\" data-element_type=\"container\" data-e-type=\"container\" data-settings=\"{&quot;background_background&quot;:&quot;gradient&quot;}\">\n\t\t\t\t\t<div class=\"e-con-inner\">\n\t\t\t\t<div class=\"elementor-element elementor-element-6ce7553 elementor-widget elementor-widget-text-editor\" data-id=\"6ce7553\" data-element_type=\"widget\" data-e-type=\"widget\" data-widget_type=\"text-editor.default\">\n\t\t\t\t<div class=\"elementor-widget-container\">\n\t\t\t\t\t\t\t\t\tBem-vindo ao Cash Nest 365 \u2014 seu parceiro confi\u00e1vel para negocia\u00e7\u00f5es mais inteligentes.\t\t\t\t\t\t\t\t<\/div>\n\t\t\t\t<\/div>\n\t\t\t\t<div class=\"elementor-element elementor-element-a27f159 elementor-widget elementor-widget-text-editor\" data-id=\"a27f159\" data-element_type=\"widget\" data-e-type=\"widget\" data-widget_type=\"text-editor.default\">\n\t\t\t\t<div class=\"elementor-widget-container\">\n\t\t\t\t\t\t\t\t\tNa Cash Nest 365, acreditamos que as oportunidades financeiras devem ser acess\u00edveis, transparentes e alcan\u00e7\u00e1veis \u200b\u200bpara todos \u2014 seja voc\u00ea um novato no mercado ou um trader experiente. Nossa plataforma foi projetada para ajudar os usu\u00e1rios a tomar decis\u00f5es informadas por meio de ferramentas de ponta, sinais de negocia\u00e7\u00e3o precisos e uma experi\u00eancia de usu\u00e1rio fluida.\t\t\t\t\t\t\t\t<\/div>\n\t\t\t\t<\/div>\n\t\t\t\t\t<\/div>\n\t\t\t\t<\/div>\n\t\t<div class=\"elementor-element elementor-element-9b5fff1 e-flex e-con-boxed e-con e-parent\" data-id=\"9b5fff1\" data-element_type=\"container\" data-e-type=\"container\">\n\t\t\t\t\t<div class=\"e-con-inner\">\n\t\t\t\t<div class=\"elementor-element elementor-element-f443441 elementor-widget elementor-widget-text-editor\" data-id=\"f443441\" data-element_type=\"widget\" data-e-type=\"widget\" data-widget_type=\"text-editor.default\">\n\t\t\t\t<div class=\"elementor-widget-container\">\n\t\t\t\t\t\t\t\t\t<p>Somos mais do que apenas uma plataforma \u2014 somos uma equipe de especialistas em tecnologia financeira, analistas e desenvolvedores comprometidos em simplificar o mundo das negocia\u00e7\u00f5es online. Fornecemos o conhecimento, os sinais e os sistemas necess\u00e1rios para navegar com confian\u00e7a pelos mercados din\u00e2micos de hoje.<\/p><p><strong>Por que escolher o Cash Nest 365?<\/strong><\/p><p>\u2714\ufe0f Sinais e insights de negocia\u00e7\u00e3o em tempo real<\/p><p>\u2714\ufe0f Plataforma segura e f\u00e1cil de usar<\/p><p>\u2714\ufe0f Suporte dedicado ao cliente<\/p><p>\u2714\ufe0f Conformidade com as leis globais de prote\u00e7\u00e3o de dados<\/p><p>\u2714\ufe0f Transpar\u00eancia, confiabilidade e ferramentas orientadas ao desempenho<\/p><p>Estamos aqui para capacit\u00e1-lo \u2014 365 dias por ano.<\/p><h3><strong>\ud83c\udf1f Nossa Vis\u00e3o<\/strong><\/h3><p>Tornar-se uma plataforma global l\u00edder que capacita indiv\u00edduos com ferramentas de negocia\u00e7\u00e3o inteligentes, seguras e acess\u00edveis, ajudando-os a construir liberdade financeira, uma decis\u00e3o de cada vez.<\/p><p>Imaginamos um futuro onde qualquer pessoa, independentemente da experi\u00eancia, pode participar com confian\u00e7a dos mercados financeiros por meio da automa\u00e7\u00e3o, inova\u00e7\u00e3o e transpar\u00eancia.<\/p><h3><strong>\ud83c\udfaf Nossa Miss\u00e3o<\/strong><\/h3><p>No <strong>Cash Nest 365<\/strong>, nossa miss\u00e3o \u00e9 simplificar a negocia\u00e7\u00e3o on-line fornecendo:<\/p><p>\u2705 Sinais de negocia\u00e7\u00e3o precisos e em tempo real<\/p><p>\u2705 Tecnologia f\u00e1cil de usar para todos os n\u00edveis de experi\u00eancia<\/p><p>\u2705 Total transpar\u00eancia e seguran\u00e7a de dados<\/p><p>\u2705 Suporte ao cliente excepcional<\/p><p>\u2705 Educa\u00e7\u00e3o cont\u00ednua e ferramentas para decis\u00f5es mais inteligentes<\/p><p>N\u00f3s nos dedicamos a construir confian\u00e7a, entregar valor e dar suporte aos nossos usu\u00e1rios 365 dias por ano \u2014 porque seu sucesso financeiro \u00e9 nossa prioridade.<\/p>\t\t\t\t\t\t\t\t<\/div>\n\t\t\t\t<\/div>\n\t\t\t\t\t<\/div>\n\t\t\t\t<\/div>\n\t\t\t\t<\/div>","protected":false},"excerpt":{"rendered":"<p>Welcome to Cash Nest 365 \u2014 Your Reliable Partner in Smarter Trading.At Cash Nest 365, we believe that financial opportunities should be accessible, transparent, and achievable for everyone \u2014 whether you&#8217;re new to the market or an experienced trader. Our platform is designed to help users make informed decisions through cutting-edge tools, accurate trading signals, [&hellip;]<\/p>\n","protected":false},"author":1,"featured_media":0,"parent":0,"menu_order":0,"comment_status":"closed","ping_status":"closed","template":"elementor_header_footer","meta":{"footnotes":""},"class_list":["post-23","page","type-page","status-publish","hentry"],"_links":{"self":[{"href":"https:\/\/cashnest-365.pro\/pt\/wp-json\/wp\/v2\/pages\/23","targetHints":{"allow":["GET"]}}],"collection":[{"href":"https:\/\/cashnest-365.pro\/pt\/wp-json\/wp\/v2\/pages"}],"about":[{"href":"https:\/\/cashnest-365.pro\/pt\/wp-json\/wp\/v2\/types\/page"}],"author":[{"embeddable":true,"href":"https:\/\/cashnest-365.pro\/pt\/wp-json\/wp\/v2\/users\/1"}],"replies":[{"embeddable":true,"href":"https:\/\/cashnest-365.pro\/pt\/wp-json\/wp\/v2\/comments?post=23"}],"version-history":[{"count":12,"href":"https:\/\/cashnest-365.pro\/pt\/wp-json\/wp\/v2\/pages\/23\/revisions"}],"predecessor-version":[{"id":293,"href":"https:\/\/cashnest-365.pro\/pt\/wp-json\/wp\/v2\/pages\/23\/revisions\/293"}],"wp:attachment":[{"href":"https:\/\/cashnest-365.pro\/pt\/wp-json\/wp\/v2\/media?parent=23"}],"curies":[{"name":"wp","href":"https:\/\/api.w.org\/{rel}","templated":true}]}}